{"id":2,"date":"2010-11-30T20:57:39","date_gmt":"2010-11-30T20:57:39","guid":{"rendered":"http:\/\/ekoplan.hr\/?page_id=2"},"modified":"2020-06-15T15:11:41","modified_gmt":"2020-06-15T13:11:41","slug":"about","status":"publish","type":"page","link":"https:\/\/www.ekoplan.hr\/?page_id=2","title":{"rendered":"O nama"},"content":{"rendered":"<p><span style=\"color: #000000;\"><strong>REZERVNI DIJELOVI, ULJA I MAZIVA, GUME, AKUMULATORI, \u017dARULJE, AUTOKOZMETIKA , SVE NA JEDNOM MJESTU PO NISKIM&nbsp; CIJENAMA NA&nbsp; PRODAJNOM MJESTU U KARLOVCU, NA ADRESI LU\u0160\u010cI\u0106 20 !<\/strong><\/span><\/p>\n<p><span style=\"color: #000000;\"><strong>Od svog osnutka, tvrtka vjeruje u vrijednosti i na\u010dela za koja dr\u017eimo da su temelji na\u0161eg dosada\u0161njeg i budu\u0107eg uspjeha:<\/strong><\/span><\/p>\n<ul>\n<li><span style=\"color: #000000;\"><strong>Poslovati na najvi\u0161im eti\u010dkim na\u010delima. Po\u0161tenje i besprijekornost u svakom na\u0161em poslovnom kontaktu daje nam slobodu da uvijek budemo ponosni na na\u0161 posao<\/strong><\/span><\/li>\n<li><span style=\"color: #000000;\"><strong>Odnositi se prema korisnicima, poslovnim partnerima i kolegama na poslu onako kako bi \u017eeljeli da se oni odnose prema nama.<\/strong><\/span><\/li>\n<li><span style=\"color: #000000;\"><strong>Zapo\u0161ljavati najbolje ljude i odnositi se prema njima najbolje.<\/strong><\/span><\/li>\n<li><span style=\"color: #000000;\"><strong>Isporu\u010divati kvalitetne proizvode i najvi\u0161u mogu\u0107u razinu podr\u0161ke na\u0161im kupcima<\/strong><\/span><\/li>\n<\/ul>\n<p>&nbsp;<\/p>\n","protected":false},"excerpt":{"rendered":"<p>REZERVNI DIJELOVI, ULJA I MAZIVA, GUME, AKUMULATORI, \u017dARULJE, AUTOKOZMETIKA , SVE NA JEDNOM MJESTU PO NISKIM&nbsp; CIJENAMA NA&nbsp; PRODAJNOM MJESTU U KARLOVCU, NA ADRESI LU\u0160\u010cI\u0106 20 ! Od svog osnutka, tvrtka vjeruje u vrijednosti i na\u010dela za koja dr\u017eimo da su temelji na\u0161eg dosada\u0161njeg i budu\u0107eg uspjeha: Poslovati na najvi\u0161im eti\u010dkim na\u010delima. Po\u0161tenje i besprijekornost &hellip; <a href=\"https:\/\/www.ekoplan.hr\/?page_id=2\" class=\"more-link\">Nastavi \u010ditati <span class=\"screen-reader-text\">O nama<\/span> <span class=\"meta-nav\">&rarr;<\/span><\/a><\/p>\n","protected":false},"author":1,"featured_media":0,"parent":0,"menu_order":1,"comment_status":"closed","ping_status":"open","template":"","meta":[],"_links":{"self":[{"href":"https:\/\/www.ekoplan.hr\/index.php?rest_route=\/wp\/v2\/pages\/2"}],"collection":[{"href":"https:\/\/www.ekoplan.hr\/index.php?rest_route=\/wp\/v2\/pages"}],"about":[{"href":"https:\/\/www.ekoplan.hr\/index.php?rest_route=\/wp\/v2\/types\/page"}],"author":[{"embeddable":true,"href":"https:\/\/www.ekoplan.hr\/index.php?rest_route=\/wp\/v2\/users\/1"}],"replies":[{"embeddable":true,"href":"https:\/\/www.ekoplan.hr\/index.php?rest_route=%2Fwp%2Fv2%2Fcomments&post=2"}],"version-history":[{"count":9,"href":"https:\/\/www.ekoplan.hr\/index.php?rest_route=\/wp\/v2\/pages\/2\/revisions"}],"predecessor-version":[{"id":4586,"href":"https:\/\/www.ekoplan.hr\/index.php?rest_route=\/wp\/v2\/pages\/2\/revisions\/4586"}],"wp:attachment":[{"href":"https:\/\/www.ekoplan.hr\/index.php?rest_route=%2Fwp%2Fv2%2Fmedia&parent=2"}],"curies":[{"name":"wp","href":"https:\/\/api.w.org\/{rel}","templated":true}]}}