{"id":580,"date":"2012-05-28T12:41:18","date_gmt":"2012-05-28T10:41:18","guid":{"rendered":"http:\/\/ekoplan.hr\/?page_id=580"},"modified":"2020-06-03T12:30:06","modified_gmt":"2020-06-03T10:30:06","slug":"mineralna-ulja-za-putnicka-vozila","status":"publish","type":"page","link":"https:\/\/www.ekoplan.hr\/?page_id=580","title":{"rendered":"Mineralna ulja za putni\u010dka vozila"},"content":{"rendered":"<h4>OPTIMA SUPERVISK<br \/>\n<small>SAE 15W-40, SAE 20W-40, SAE 20W-50 \u00bb Mineralna motorna ulja za putni\u010dka vozila<\/small><\/h4>\n<div>\n<div><img decoding=\"async\" title=\"\" src=\"http:\/\/www.modricaoil.com\/docs\/shop\/6512bd43d9caa6e02c990b0a82652dca-srednja.jpg\" alt=\"\"><\/div>\n<\/div>\n<p>&nbsp;<\/p>\n<p>OPTIMA SUPERVISK je kvalitetno motorno ulje proizvedeno od duboko rafiniranih baznih ulja i posebno formuliranog multifunkcionalnog paketa aditiva.<\/p>\n<p>Namijenjeno je za podmazivanje benzinskih  i dizel motora, sa i bez katalizatora i turbopunja\u010da, ugra\u0111enih u putni\u010dka  vozila svih svjetskih proizvo\u0111a\u010da. Osigurava za\u0161titu motora od habanja i korozije, te odr\u017eava \u010disto\u0107u motora.<\/p>\n<p><strong>Specifikacije:<\/strong><\/p>\n<ul>\n<li>API SF\/CD<\/li>\n<\/ul>\n<table width=\"100%\" cellspacing=\"2\" cellpadding=\"2\" border=\"0\">\n<tbody>\n<tr>\n<th>Karakteristike<\/th>\n<th>SAE 15W-40<\/th>\n<th>SAE 20W-40<\/th>\n<th>SAE 20W-50<\/th>\n<\/tr>\n<tr>\n<td>Viskoznost na 100 \u00b0C, mm<sup>2<\/sup>\/s<\/td>\n<td align=\"center\">14,5 &#8211; 15,5<\/td>\n<td align=\"center\">14,5 &#8211; 15,5<\/td>\n<td align=\"center\">17,0 &#8211; 19,0<\/td>\n<\/tr>\n<tr>\n<td>Indeks viskoznosti<\/td>\n<td align=\"center\">min. 130<\/td>\n<td align=\"center\">min. 125<\/td>\n<td align=\"center\">min. 130<\/td>\n<\/tr>\n<tr>\n<td>To\u010dka paljenja, \u00b0C<\/td>\n<td align=\"center\">min. 220<\/td>\n<td align=\"center\">min. 220<\/td>\n<td align=\"center\">min. 220<\/td>\n<\/tr>\n<tr>\n<td>To\u010dka te\u010denja, \u00b0C<\/td>\n<td align=\"center\">max. &#8211; 25<\/td>\n<td align=\"center\">max. &#8211; 22<\/td>\n<td align=\"center\">max. &#8211; 22<\/td>\n<\/tr>\n<tr>\n<td>Pakiranje<\/td>\n<td colspan=\"3\" align=\"center\">12 x 1; 4 x 4; 1 x 60; 1 x 200<\/td>\n<\/tr>\n<\/tbody>\n<\/table>\n","protected":false},"excerpt":{"rendered":"<p>OPTIMA SUPERVISK SAE 15W-40, SAE 20W-40, SAE 20W-50 \u00bb Mineralna motorna ulja za putni\u010dka vozila &nbsp; OPTIMA SUPERVISK je kvalitetno motorno ulje proizvedeno od duboko rafiniranih baznih ulja i posebno formuliranog multifunkcionalnog paketa aditiva. Namijenjeno je za podmazivanje benzinskih i dizel motora, sa i bez katalizatora i turbopunja\u010da, ugra\u0111enih u putni\u010dka vozila svih svjetskih proizvo\u0111a\u010da. &hellip; <a href=\"https:\/\/www.ekoplan.hr\/?page_id=580\" class=\"more-link\">Nastavi \u010ditati <span class=\"screen-reader-text\">Mineralna ulja za putni\u010dka vozila<\/span> <span class=\"meta-nav\">&rarr;<\/span><\/a><\/p>\n","protected":false},"author":1,"featured_media":0,"parent":98,"menu_order":0,"comment_status":"closed","ping_status":"open","template":"","meta":[],"_links":{"self":[{"href":"https:\/\/www.ekoplan.hr\/index.php?rest_route=\/wp\/v2\/pages\/580"}],"collection":[{"href":"https:\/\/www.ekoplan.hr\/index.php?rest_route=\/wp\/v2\/pages"}],"about":[{"href":"https:\/\/www.ekoplan.hr\/index.php?rest_route=\/wp\/v2\/types\/page"}],"author":[{"embeddable":true,"href":"https:\/\/www.ekoplan.hr\/index.php?rest_route=\/wp\/v2\/users\/1"}],"replies":[{"embeddable":true,"href":"https:\/\/www.ekoplan.hr\/index.php?rest_route=%2Fwp%2Fv2%2Fcomments&post=580"}],"version-history":[{"count":2,"href":"https:\/\/www.ekoplan.hr\/index.php?rest_route=\/wp\/v2\/pages\/580\/revisions"}],"predecessor-version":[{"id":4576,"href":"https:\/\/www.ekoplan.hr\/index.php?rest_route=\/wp\/v2\/pages\/580\/revisions\/4576"}],"up":[{"embeddable":true,"href":"https:\/\/www.ekoplan.hr\/index.php?rest_route=\/wp\/v2\/pages\/98"}],"wp:attachment":[{"href":"https:\/\/www.ekoplan.hr\/index.php?rest_route=%2Fwp%2Fv2%2Fmedia&parent=580"}],"curies":[{"name":"wp","href":"https:\/\/api.w.org\/{rel}","templated":true}]}}