{"id":583,"date":"2012-05-28T12:43:31","date_gmt":"2012-05-28T10:43:31","guid":{"rendered":"http:\/\/ekoplan.hr\/?page_id=583"},"modified":"2020-06-15T15:22:03","modified_gmt":"2020-06-15T13:22:03","slug":"polusinteticka-ulja-za-komercijalna-vozila","status":"publish","type":"page","link":"https:\/\/www.ekoplan.hr\/?page_id=583","title":{"rendered":"Polusinteti\u010dka ulja za komercijalna vozila"},"content":{"rendered":"<h4>MAXIMA HC PRESTIGE XLD<br \/>\n<small>SAE 10W-40 \u00bb Polusinteti\u010dka motorna ulja za komercijalna vozila<\/small><\/h4>\n<div>\n<div><img decoding=\"async\" title=\"\" src=\"http:\/\/www.modricaoil.com\/docs\/shop\/c74d97b01eae257e44aa9d5bade97baf-srednja.jpg\" alt=\"\"><\/div>\n<\/div>\n<p>MAXIMA HC PRESTIGE XLD je polusinteti\u010dko motorno ulje proizvedeno na bazi kvalitetnih sinteti\u010dkih i mineralnih baznih ulja i posebno odabranog paketa aditiva nove generacije. Ovo ulje spada u grupu <span style=\"color: #ff0000;\"><strong>SHPD<\/strong><\/span> ulja (<em>Super High Performance Diesel<\/em>) i preporu\u010duje se za produ\u017eene intervale zamjene. Namijenjeno je za podmazivanje svih tipova dizel motora komercijalnih vozila i mehanizacije koji rade u ote\u017eanim uslovima eksploatacije.<\/p>\n<p>MAXIMA HC PRESTIGE XLD obezbje\u0111uje:<\/p>\n<ul>\n<li>potpunu za\u0161titu dijelova motora u svim uslovima eksploatacije,<\/li>\n<li>sigurnu i dugotrajnu kontrolu \u010da\u0111i i ugu\u0161\u0107enja ulja,<\/li>\n<li>bolje startovanje na niskim temperaturama,<\/li>\n<li>minimalno stvaranje taloga,<\/li>\n<li>bolju za\u0161titu od kiselih produkata sagorijevanja,<\/li>\n<li>manju potro\u0161nju goriva,<\/li>\n<li><strong><span style=\"color: #ff0000;\">dug interval upotrebe ulja (preko 50 000 km),<\/span><\/strong><\/li>\n<li>produ\u017een \u017eivotni vijek motora.<\/li>\n<\/ul>\n<p><strong>Specifikacije<\/strong>:<\/p>\n<ul>\n<li>ACEA E3\/E5-02\/A3\/B3\/B4-02<\/li>\n<li>API CI-4\/CH-4\/CG-4\/CF\/SL<\/li>\n<li>MB 228.3\/229.1<\/li>\n<li>MAN 3275<\/li>\n<li>VOLVO VDS-3<\/li>\n<li>CUMMINS CES 20076\/ 77\/78<\/li>\n<li>MACK E0-L Plus<\/li>\n<\/ul>\n<table width=\"100%\" cellspacing=\"2\" cellpadding=\"2\" border=\"0\">\n<tbody>\n<tr>\n<th>Karakteristike<\/th>\n<th>Vrijednosti<\/th>\n<\/tr>\n<tr>\n<td>Viskoznost na 100 \u00b0C, mm<sup>2<\/sup>\/s<\/td>\n<td>14,5-15,5<\/td>\n<\/tr>\n<tr>\n<td>Indeks viskoznosti<\/td>\n<td>min. 145<\/td>\n<\/tr>\n<tr>\n<td>To\u010dka paljenja, \u00b0C<\/td>\n<td>min. 230<\/td>\n<\/tr>\n<tr>\n<td>To\u010dka te\u010denja, \u00b0C<\/td>\n<td>max. &#8211; 27<\/td>\n<\/tr>\n<tr>\n<td>Pakiranje, kom x lit.<\/td>\n<td>4 x 4; 2 x 10; 1 x 60; 1 x 200<\/td>\n<\/tr>\n<\/tbody>\n<\/table>\n","protected":false},"excerpt":{"rendered":"<p>MAXIMA HC PRESTIGE XLD SAE 10W-40 \u00bb Polusinteti\u010dka motorna ulja za komercijalna vozila MAXIMA HC PRESTIGE XLD je polusinteti\u010dko motorno ulje proizvedeno na bazi kvalitetnih sinteti\u010dkih i mineralnih baznih ulja i posebno odabranog paketa aditiva nove generacije. Ovo ulje spada u grupu SHPD ulja (Super High Performance Diesel) i preporu\u010duje se za produ\u017eene intervale zamjene. &hellip; <a href=\"https:\/\/www.ekoplan.hr\/?page_id=583\" class=\"more-link\">Nastavi \u010ditati <span class=\"screen-reader-text\">Polusinteti\u010dka ulja za komercijalna vozila<\/span> <span class=\"meta-nav\">&rarr;<\/span><\/a><\/p>\n","protected":false},"author":1,"featured_media":0,"parent":98,"menu_order":0,"comment_status":"closed","ping_status":"open","template":"","meta":[],"_links":{"self":[{"href":"https:\/\/www.ekoplan.hr\/index.php?rest_route=\/wp\/v2\/pages\/583"}],"collection":[{"href":"https:\/\/www.ekoplan.hr\/index.php?rest_route=\/wp\/v2\/pages"}],"about":[{"href":"https:\/\/www.ekoplan.hr\/index.php?rest_route=\/wp\/v2\/types\/page"}],"author":[{"embeddable":true,"href":"https:\/\/www.ekoplan.hr\/index.php?rest_route=\/wp\/v2\/users\/1"}],"replies":[{"embeddable":true,"href":"https:\/\/www.ekoplan.hr\/index.php?rest_route=%2Fwp%2Fv2%2Fcomments&post=583"}],"version-history":[{"count":3,"href":"https:\/\/www.ekoplan.hr\/index.php?rest_route=\/wp\/v2\/pages\/583\/revisions"}],"predecessor-version":[{"id":4590,"href":"https:\/\/www.ekoplan.hr\/index.php?rest_route=\/wp\/v2\/pages\/583\/revisions\/4590"}],"up":[{"embeddable":true,"href":"https:\/\/www.ekoplan.hr\/index.php?rest_route=\/wp\/v2\/pages\/98"}],"wp:attachment":[{"href":"https:\/\/www.ekoplan.hr\/index.php?rest_route=%2Fwp%2Fv2%2Fmedia&parent=583"}],"curies":[{"name":"wp","href":"https:\/\/api.w.org\/{rel}","templated":true}]}}