{"id":85,"date":"2010-12-03T15:22:52","date_gmt":"2010-12-03T13:22:52","guid":{"rendered":"http:\/\/ekoplan.hr\/?page_id=85"},"modified":"2020-06-15T15:12:25","modified_gmt":"2020-06-15T13:12:25","slug":"ekologija","status":"publish","type":"page","link":"https:\/\/www.ekoplan.hr\/?page_id=85","title":{"rendered":"EKOLOGIJA"},"content":{"rendered":"<h1><strong>Ponuda usluga :<br \/>\n<\/strong><\/h1>\n<p><strong>1. REGISTAR ONE\u010cI\u0160\u0106AVANJA OKOLI\u0160A \u2013 usluga ispunjavanja  obrazaca i njihov unos u Bazu ROO<br \/>\n2. IZRADA PLANOVA ZA GOSPODARENJA OTPADOM<br \/>\n3. IZRADA PLANA O POSTUPANJU SA SVIM VRSTAMA OTPADA<\/strong><br \/>\n<strong>4. IZRADA OPERATIVNIH PLANOVA INTERVENCIJA U ZA\u0160TITI OKOLI\u0160A<\/strong><\/p>\n<p><strong> <\/strong><\/p>\n<h1><strong><strong><span style=\"text-decoration: underline;\">Dokumenti i obrasci<\/span><\/strong><\/strong><\/h1>\n<p><strong><strong> <\/strong><br \/>\n&#8211;   prijavni listovi za obra\u0111iva\u010da proizvodnog i\/ili komunalnog otpada<br \/>\n&#8211;   prate\u0107i listovi za komunalni otpad<br \/>\n&#8211;   prate\u0107i listovi za neopasni inertni otpad\r\n<a href=\"https:\/\/www.ekoplan.hr\/wp-content\/gallery\/novosti\/ekologija.jpg\" title=\"\"  >\r\n\t<img class=\"ngg-singlepic\" src=\"https:\/\/www.ekoplan.hr\/wp-content\/gallery\/cache\/11__320x240_ekologija.jpg\" alt=\"ekologija\" title=\"ekologija\" \/>\r\n<\/a>\r\n<br \/>\n&#8211;   prate\u0107i listovi za opasni otpad<br \/>\n&#8211;   o\u010devidnik o nastanku i tijeku otpada<br \/>\n&#8211;   prijavni listovi za skuplja\u010da komunalnog otpada,<br \/>\n&#8211;   prijavni listovi za skuplja\u010da proizvodnog   otpada i\/ili<br \/>\nkomunalnog otpada<br \/>\n&#8211;   kontrola analiza vode<br \/>\n&#8211;   registar one\u010di\u0161\u0107avanja okoli\u0161a<br \/>\n&#8211;   plan intervencija u za\u0161titi okoli\u0161a<br \/>\n&#8211;   lista utjecaja na okoli\u0161<\/strong><\/p>\n<h2><strong><strong>ZAKONI :<\/strong><\/strong><\/h2>\n<p><strong>&#8211;    Zakon o otpadu<br \/>\n&#8211;    Zakon o za\u0161titi okoli\u0161a<br \/>\n&#8211;    Zakon o radu<br \/>\n&#8211;    Zakon o komunalnom gospodarstvu<br \/>\n&#8211;    Zakon o sigurnosti prometa na cestama<br \/>\n&#8211;    Uredba o kategorijama,vrstama i klasifikaciji otpada sa katalogom otpada i listom opasnog otpada<br \/>\n&#8211;    Pravilnik o izradi studije o utjecaju na okoli\u0161<br \/>\n&#8211;    Pravilnik o gospodarenju otpadom<\/strong><strong><a href=\"http:\/\/ekoplan.hr\/wp-content\/uploads\/2010\/12\/ekologija_mix.gif\"><img decoding=\"async\" loading=\"lazy\" class=\"alignright size-full wp-image-87\" title=\"ekologija_mix\" src=\"http:\/\/ekoplan.hr\/wp-content\/uploads\/2010\/12\/ekologija_mix.gif\" alt=\"\" width=\"150\" height=\"119\"><\/a><\/strong><br \/>\n<strong> &#8211;    Pravilnik o uvjetima za postupanje s otpadom<br \/>\n&#8211;    Pravilnik o vrstama otpada<br \/>\n&#8211;    Pravilnik o ambala\u017ei i ambala\u017enom otpadu<br \/>\n&#8211;    Pravilnik o postupanju sa ambala\u017enim otpadom<br \/>\n&#8211;    Pravilnik o gospodarenju otpadnim gumama<br \/>\n&#8211;    Pravilnik o gospodarenju otpadnim uljima<br \/>\n&#8211;    Pravilnik o gospodarenju otpadnim baterijama i akomulatorima<br \/>\n&#8211;    Pravilnik o gospodarenju otpadnim elektronskim i elektroni\u010dkim otpadom<\/strong><\/p>\n<p><strong> <\/strong><\/p>\n","protected":false},"excerpt":{"rendered":"<p>Ponuda usluga : 1. REGISTAR ONE\u010cI\u0160\u0106AVANJA OKOLI\u0160A \u2013 usluga ispunjavanja obrazaca i njihov unos u Bazu ROO 2. IZRADA PLANOVA ZA GOSPODARENJA OTPADOM 3. IZRADA PLANA O POSTUPANJU SA SVIM VRSTAMA OTPADA 4. IZRADA OPERATIVNIH PLANOVA INTERVENCIJA U ZA\u0160TITI OKOLI\u0160A Dokumenti i obrasci &#8211; prijavni listovi za obra\u0111iva\u010da proizvodnog i\/ili komunalnog otpada &#8211; prate\u0107i listovi &hellip; <a href=\"https:\/\/www.ekoplan.hr\/?page_id=85\" class=\"more-link\">Nastavi \u010ditati <span class=\"screen-reader-text\">EKOLOGIJA<\/span> <span class=\"meta-nav\">&rarr;<\/span><\/a><\/p>\n","protected":false},"author":1,"featured_media":0,"parent":83,"menu_order":0,"comment_status":"closed","ping_status":"open","template":"","meta":[],"_links":{"self":[{"href":"https:\/\/www.ekoplan.hr\/index.php?rest_route=\/wp\/v2\/pages\/85"}],"collection":[{"href":"https:\/\/www.ekoplan.hr\/index.php?rest_route=\/wp\/v2\/pages"}],"about":[{"href":"https:\/\/www.ekoplan.hr\/index.php?rest_route=\/wp\/v2\/types\/page"}],"author":[{"embeddable":true,"href":"https:\/\/www.ekoplan.hr\/index.php?rest_route=\/wp\/v2\/users\/1"}],"replies":[{"embeddable":true,"href":"https:\/\/www.ekoplan.hr\/index.php?rest_route=%2Fwp%2Fv2%2Fcomments&post=85"}],"version-history":[{"count":6,"href":"https:\/\/www.ekoplan.hr\/index.php?rest_route=\/wp\/v2\/pages\/85\/revisions"}],"predecessor-version":[{"id":4587,"href":"https:\/\/www.ekoplan.hr\/index.php?rest_route=\/wp\/v2\/pages\/85\/revisions\/4587"}],"up":[{"embeddable":true,"href":"https:\/\/www.ekoplan.hr\/index.php?rest_route=\/wp\/v2\/pages\/83"}],"wp:attachment":[{"href":"https:\/\/www.ekoplan.hr\/index.php?rest_route=%2Fwp%2Fv2%2Fmedia&parent=85"}],"curies":[{"name":"wp","href":"https:\/\/api.w.org\/{rel}","templated":true}]}}